{"id":538,"date":"2025-10-19T17:55:25","date_gmt":"2025-10-19T14:55:25","guid":{"rendered":"https:\/\/bursainvest.gov.tr\/anahtar-sektorler\/furniture-and-woodworking\/"},"modified":"2025-10-20T22:02:03","modified_gmt":"2025-10-20T19:02:03","slug":"mobilya-ve-agac-isleri","status":"publish","type":"page","link":"https:\/\/bursainvest.gov.tr\/tr\/anahtar-sektorler\/mobilya-ve-agac-isleri\/","title":{"rendered":"Mobilya ve A\u011fa\u00e7 \u0130\u015fleri"},"content":{"rendered":"","protected":false},"excerpt":{"rendered":"","protected":false},"author":1,"featured_media":-1,"parent":516,"menu_order":0,"comment_status":"closed","ping_status":"closed","template":"","meta":{"footnotes":""},"class_list":["post-538","page","type-page","status-publish","has-post-thumbnail","hentry"],"_links":{"self":[{"href":"https:\/\/bursainvest.gov.tr\/tr\/wp-json\/wp\/v2\/pages\/538","targetHints":{"allow":["GET"]}}],"collection":[{"href":"https:\/\/bursainvest.gov.tr\/tr\/wp-json\/wp\/v2\/pages"}],"about":[{"href":"https:\/\/bursainvest.gov.tr\/tr\/wp-json\/wp\/v2\/types\/page"}],"author":[{"embeddable":true,"href":"https:\/\/bursainvest.gov.tr\/tr\/wp-json\/wp\/v2\/users\/1"}],"replies":[{"embeddable":true,"href":"https:\/\/bursainvest.gov.tr\/tr\/wp-json\/wp\/v2\/comments?post=538"}],"version-history":[{"count":2,"href":"https:\/\/bursainvest.gov.tr\/tr\/wp-json\/wp\/v2\/pages\/538\/revisions"}],"predecessor-version":[{"id":540,"href":"https:\/\/bursainvest.gov.tr\/tr\/wp-json\/wp\/v2\/pages\/538\/revisions\/540"}],"up":[{"embeddable":true,"href":"https:\/\/bursainvest.gov.tr\/tr\/wp-json\/wp\/v2\/pages\/516"}],"wp:featuredmedia":[{"embeddable":true,"href":"https:\/\/bursainvest.gov.tr\/tr\/wp-json\/"}],"wp:attachment":[{"href":"https:\/\/bursainvest.gov.tr\/tr\/wp-json\/wp\/v2\/media?parent=538"}],"curies":[{"name":"wp","href":"https:\/\/api.w.org\/{rel}","templated":true}]}}