{"id":704,"date":"2026-02-11T08:47:13","date_gmt":"2026-02-11T05:47:13","guid":{"rendered":"https:\/\/bursainvest.gov.tr\/?page_id=704"},"modified":"2026-02-11T08:48:23","modified_gmt":"2026-02-11T05:48:23","slug":"yerel-kalkinma-hamlesi-programi","status":"publish","type":"page","link":"https:\/\/bursainvest.gov.tr\/tr\/yatirim-rehberi\/yerel-kalkinma-hamlesi-programi\/","title":{"rendered":"Yerel Kalk\u0131nma Hamlesi Program\u0131"},"content":{"rendered":"<p><strong>YEREL KALKINMA HAMLES\u0130 TE\u015eV\u0130K PROGRAMI<\/strong><\/p>\n<p>Sanayi ve Teknoloji Bakanl\u0131\u011f\u0131 koordinasyonunda uygulamaya konulan #YerelKalk\u0131nmaHamlesi Te\u015fvik Program\u0131 ile 81 ilin kendi potansiyeline uygun \u015fekilde kalk\u0131nmas\u0131 hedefleniyor. Bu \u00e7er\u00e7evede, 2026 Y\u0131l\u0131 Yerel Kalk\u0131nma Hamlesi Te\u015fvik Program\u0131 yat\u0131r\u0131m konular\u0131 g\u00fcncellendi. Program kapsam\u0131nda her il i\u00e7in 4 yat\u0131r\u0131m konusu bulunmaktad\u0131r.<\/p>\n<p>Yerel Kalk\u0131nma Hamlesi Te\u015fvik Program\u0131; b\u00f6lgelerimizin sahip oldu\u011fu potansiyellerin de\u011ferlendirilmesi, \u00e2t\u0131l kaynaklar\u0131n harekete ge\u00e7irilmesi ve yerel ihtiya\u00e7lar\u0131n kar\u015f\u0131lanmas\u0131 yoluyla kalk\u0131nmay\u0131 yerelden ba\u015flatmay\u0131 hedeflemektedir.<\/p>\n<p>Program kapsam\u0131nda, b\u00f6lgelerin yetkinlik ve teknoloji \u00fcretim kapasitesinin art\u0131r\u0131lmas\u0131, ithal girdilerin yerli imk\u00e2nlarla \u00fcretilmesi ve tedarik zincirinin yerlile\u015ftirilmesine katk\u0131 sa\u011flanmas\u0131 ama\u00e7lanmaktad\u0131r.<\/p>\n<p>Yerel Kalk\u0131nma Hamlesi Te\u015fvik Program\u0131 kapsam\u0131nda her il i\u00e7in 4 yat\u0131r\u0131m konusu belirlenmi\u015f olup TR41 B\u00f6lgesi i\u00e7in yat\u0131r\u0131m konular\u0131;<\/p>\n<p>Bursa i\u00e7in;<\/p>\n<ul>\n<li>Havac\u0131l\u0131k ve Savunma Sanayiine Y\u00f6nelik Alt Sistem Bile\u015fenlerinin \u00dcretimi (eyleyici sistemler, kompozit kanat ve g\u00f6vde malzemeleri vb.)<\/li>\n<li>Kau\u00e7uktan Y\u00fcksek Katma De\u011ferli \u00dcr\u00fcn \u00dcretimi (sismik izolat\u00f6r, rayl\u0131 sistem\/otob\u00fcs i\u00e7in k\u00f6r\u00fckler, \u015fok-darbe s\u00f6n\u00fcmleyici sistemler, hava ara\u00e7lar\u0131 i\u00e7in ini\u015f tak\u0131m\u0131 par\u00e7alar\u0131, titre\u015fim \u00f6nleyici sistemler vb.)<\/li>\n<li>Ta\u015f\u0131tlarda So\u011futma Sistemi Par\u00e7alar\u0131 \u00dcretimi (elektronik kontroll\u00fc\/mekanik devridaim su pompas\u0131, termostat, \u0131s\u0131 e\u015fanj\u00f6r\u00fc vb.)<\/li>\n<li>Y\u00fcksek Katma De\u011ferli Teknik Tekstil \u00dcr\u00fcnleri ve Fonksiyonel Kuma\u015f \u00dcretimi (softshell\/hardshell\/floresan\/membranl\u0131\/alev geciktirici (FR)\/antistatik (ESD)\/kesilmeye dayan\u0131kl\u0131\/balistik ve termal kuma\u015f vb.)<\/li>\n<\/ul>\n<p>Eski\u015fehir i\u00e7in;<\/p>\n<ul>\n<li>Elektrikli Ev Aletlerine Y\u00f6nelik End\u00fcstriyel Metal \u015eekillendirme ile Metal Par\u00e7a \u00dcretimi (sac g\u00f6vde-panelleri, \u015fase\/ta\u015f\u0131y\u0131c\u0131 par\u00e7alar vb.)<\/li>\n<li>Havac\u0131l\u0131k Sekt\u00f6r\u00fcne Y\u00f6nelik Par\u00e7alar\u0131n \u00dcretimi ve \u0130\u015flenmesi (jet motorlar\u0131na ait nikel ve titanyum ala\u015f\u0131ml\u0131 rotor, \u015faft, ba\u011flant\u0131 g\u00f6be\u011fi ve di\u015fli sistemleri ile hava ara\u00e7lar\u0131n\u0131n g\u00f6vde, kanat, kuyruk, stabilizasyon, ini\u015f tak\u0131m\u0131 ve motor-g\u00fc\u00e7 \u00fcnitesi yap\u0131sal par\u00e7alar\u0131 vb.)<\/li>\n<li>Rayl\u0131 Ta\u015f\u0131mac\u0131l\u0131k i\u00e7in Demiryolu Ara\u00e7lar\u0131na Ait Par\u00e7alar\u0131n \u00dcretimi veya Test ve Belgelendirme Merkezi (kompozit g\u00f6vde, cer motoru, otomatik kap\u0131 ve sistemleri, \u015fasi ve boji yap\u0131sal par\u00e7alar\u0131 ile mekanik alt sistemler vb.)<\/li>\n<li>Tar\u0131m Makineleri Aksam ve Par\u00e7alar\u0131 \u00dcretimi (y\u00fcksek dayan\u0131ml\u0131 metal aksamlar, hidrolik sistem bile\u015fenleri, hassas mekanik ve tala\u015fl\u0131 imalat par\u00e7alar\u0131, montajl\u0131 alt sistemler vb.)<\/li>\n<\/ul>\n<p>Bilecik i\u00e7in;<\/p>\n<ul>\n<li>Asgari 1.000 K\u00fc\u00e7\u00fckba\u015f Entegre Et ve\/veya S\u00fct Hayvanc\u0131l\u0131\u011f\u0131 Yat\u0131r\u0131m\u0131<\/li>\n<li>Mermer At\u0131klar\u0131ndan Y\u00fcksek Katma De\u011ferli \u00dcr\u00fcn \u00dcretimi (kimyevi \u00fcr\u00fcnler, kozmetik \u00fcr\u00fcnleri, yap\u0131 malzemeleri, yap\u0131 kimyasallar\u0131 vb.)<\/li>\n<li>Meyve\/Sebze ve At\u0131klar\u0131ndan Katma De\u011ferli \u00dcr\u00fcnler \u00dcretimi (toz veya s\u0131v\u0131 formda do\u011fal pigment, rasyon paketi, haz\u0131r salata, lif \u00fcr\u00fcnleri, meyve tozu\/gran\u00fcl\u00fc vb.)<\/li>\n<li>Teknik Seramik \u00dcr\u00fcnleri \u00dcretimi (ileri seramik malzemeleri, al\u00fcmina, zirkonya, silisyum karb\u00fcr vb.)<\/li>\n<\/ul>\n<p>Sanayi ve Teknoloji Bakanl\u0131\u011f\u0131, Yerel Kalk\u0131nma Hamlesi Te\u015fvik Program\u0131 kapsam\u0131nda il bazl\u0131 yat\u0131r\u0131m f\u0131rsatlar\u0131n\u0131 tek bir platformda sunmak amac\u0131yla\u00a0<a href=\"https:\/\/yerelkalkinmahamlesi.sanayi.gov.tr\/\">https:\/\/yerelkalkinmahamlesi.sanayi.gov.tr\/<\/a>\u00a0\u00a0adresini kullan\u0131ma a\u00e7m\u0131\u015ft\u0131r. Program kapsam\u0131na ili\u015fkin ayr\u0131nt\u0131l\u0131 bilgilere bu adres \u00fczerinden ula\u015f\u0131labilmektedir<\/p>\n<ol>\n<li>Tebli\u011f<\/li>\n<\/ol>\n<p><a href=\"https:\/\/www.resmigazete.gov.tr\/eskiler\/2025\/07\/20250709-15.htm\">https:\/\/www.resmigazete.gov.tr\/eskiler\/2025\/07\/20250709-15.htm<\/a><\/p>\n<ol start=\"2\">\n<li>Ek-1 Liste<\/li>\n<\/ol>\n<p><a href=\"https:\/\/yerelkalkinmahamlesi.sanayi.gov.tr\/regulation-documents\/ek-1-yerel-yatirim-konulari-listesi.pdf\">https:\/\/yerelkalkinmahamlesi.sanayi.gov.tr\/regulation-documents\/ek-1-yerel-yatirim-konulari-listesi.pdf<\/a><\/p>\n<p><img loading=\"lazy\" decoding=\"async\" class=\"alignnone wp-image-705\" src=\"https:\/\/bursainvest.gov.tr\/wp-content\/uploads\/2026\/02\/WhatsApp-Image-2026-02-02-at-15.58.50-400x500.jpeg\" alt=\"\" width=\"320\" height=\"400\" srcset=\"https:\/\/bursainvest.gov.tr\/wp-content\/uploads\/2026\/02\/WhatsApp-Image-2026-02-02-at-15.58.50-400x500.jpeg 400w, https:\/\/bursainvest.gov.tr\/wp-content\/uploads\/2026\/02\/WhatsApp-Image-2026-02-02-at-15.58.50-961x1200.jpeg 961w, https:\/\/bursainvest.gov.tr\/wp-content\/uploads\/2026\/02\/WhatsApp-Image-2026-02-02-at-15.58.50-240x300.jpeg 240w, https:\/\/bursainvest.gov.tr\/wp-content\/uploads\/2026\/02\/WhatsApp-Image-2026-02-02-at-15.58.50-768x959.jpeg 768w, https:\/\/bursainvest.gov.tr\/wp-content\/uploads\/2026\/02\/WhatsApp-Image-2026-02-02-at-15.58.50-60x75.jpeg 60w, https:\/\/bursainvest.gov.tr\/wp-content\/uploads\/2026\/02\/WhatsApp-Image-2026-02-02-at-15.58.50-480x599.jpeg 480w, https:\/\/bursainvest.gov.tr\/wp-content\/uploads\/2026\/02\/WhatsApp-Image-2026-02-02-at-15.58.50.jpeg 1081w\" sizes=\"auto, (max-width:767px) 320px, 320px\" \/> <img loading=\"lazy\" decoding=\"async\" class=\"alignnone wp-image-707\" src=\"https:\/\/bursainvest.gov.tr\/wp-content\/uploads\/2026\/02\/WhatsApp-Image-2026-02-02-at-15.58.59-400x500.jpeg\" alt=\"\" width=\"320\" height=\"400\" srcset=\"https:\/\/bursainvest.gov.tr\/wp-content\/uploads\/2026\/02\/WhatsApp-Image-2026-02-02-at-15.58.59-400x500.jpeg 400w, https:\/\/bursainvest.gov.tr\/wp-content\/uploads\/2026\/02\/WhatsApp-Image-2026-02-02-at-15.58.59-961x1200.jpeg 961w, https:\/\/bursainvest.gov.tr\/wp-content\/uploads\/2026\/02\/WhatsApp-Image-2026-02-02-at-15.58.59-240x300.jpeg 240w, https:\/\/bursainvest.gov.tr\/wp-content\/uploads\/2026\/02\/WhatsApp-Image-2026-02-02-at-15.58.59-768x959.jpeg 768w, https:\/\/bursainvest.gov.tr\/wp-content\/uploads\/2026\/02\/WhatsApp-Image-2026-02-02-at-15.58.59-60x75.jpeg 60w, https:\/\/bursainvest.gov.tr\/wp-content\/uploads\/2026\/02\/WhatsApp-Image-2026-02-02-at-15.58.59-480x599.jpeg 480w, https:\/\/bursainvest.gov.tr\/wp-content\/uploads\/2026\/02\/WhatsApp-Image-2026-02-02-at-15.58.59.jpeg 1081w\" sizes=\"auto, (max-width:767px) 320px, 320px\" \/> <img loading=\"lazy\" decoding=\"async\" class=\"alignnone wp-image-709\" src=\"https:\/\/bursainvest.gov.tr\/wp-content\/uploads\/2026\/02\/WhatsApp-Image-2026-02-02-at-15.59.07-400x500.jpeg\" alt=\"\" width=\"320\" height=\"400\" srcset=\"https:\/\/bursainvest.gov.tr\/wp-content\/uploads\/2026\/02\/WhatsApp-Image-2026-02-02-at-15.59.07-400x500.jpeg 400w, https:\/\/bursainvest.gov.tr\/wp-content\/uploads\/2026\/02\/WhatsApp-Image-2026-02-02-at-15.59.07-961x1200.jpeg 961w, https:\/\/bursainvest.gov.tr\/wp-content\/uploads\/2026\/02\/WhatsApp-Image-2026-02-02-at-15.59.07-240x300.jpeg 240w, https:\/\/bursainvest.gov.tr\/wp-content\/uploads\/2026\/02\/WhatsApp-Image-2026-02-02-at-15.59.07-768x959.jpeg 768w, https:\/\/bursainvest.gov.tr\/wp-content\/uploads\/2026\/02\/WhatsApp-Image-2026-02-02-at-15.59.07-60x75.jpeg 60w, https:\/\/bursainvest.gov.tr\/wp-content\/uploads\/2026\/02\/WhatsApp-Image-2026-02-02-at-15.59.07-480x599.jpeg 480w, https:\/\/bursainvest.gov.tr\/wp-content\/uploads\/2026\/02\/WhatsApp-Image-2026-02-02-at-15.59.07.jpeg 1081w\" sizes=\"auto, (max-width:767px) 320px, 320px\" \/><\/p>\n","protected":false},"excerpt":{"rendered":"<p>YEREL KALKINMA HAMLES\u0130 TE\u015eV\u0130K PROGRAMI Sanayi ve Teknoloji Bakanl\u0131\u011f\u0131 koordinasyonunda uygulamaya konulan #YerelKalk\u0131nmaHamlesi Te\u015fvik Program\u0131 ile 81 ilin kendi potansiyeline uygun \u015fekilde kalk\u0131nmas\u0131 hedefleniyor. Bu \u00e7er\u00e7evede,<span class=\"excerpt-hellip\"> [\u2026]<\/span><\/p>\n","protected":false},"author":2,"featured_media":-1,"parent":507,"menu_order":0,"comment_status":"closed","ping_status":"closed","template":"","meta":{"footnotes":""},"class_list":["post-704","page","type-page","status-publish","has-post-thumbnail","hentry"],"_links":{"self":[{"href":"https:\/\/bursainvest.gov.tr\/tr\/wp-json\/wp\/v2\/pages\/704","targetHints":{"allow":["GET"]}}],"collection":[{"href":"https:\/\/bursainvest.gov.tr\/tr\/wp-json\/wp\/v2\/pages"}],"about":[{"href":"https:\/\/bursainvest.gov.tr\/tr\/wp-json\/wp\/v2\/types\/page"}],"author":[{"embeddable":true,"href":"https:\/\/bursainvest.gov.tr\/tr\/wp-json\/wp\/v2\/users\/2"}],"replies":[{"embeddable":true,"href":"https:\/\/bursainvest.gov.tr\/tr\/wp-json\/wp\/v2\/comments?post=704"}],"version-history":[{"count":2,"href":"https:\/\/bursainvest.gov.tr\/tr\/wp-json\/wp\/v2\/pages\/704\/revisions"}],"predecessor-version":[{"id":712,"href":"https:\/\/bursainvest.gov.tr\/tr\/wp-json\/wp\/v2\/pages\/704\/revisions\/712"}],"up":[{"embeddable":true,"href":"https:\/\/bursainvest.gov.tr\/tr\/wp-json\/wp\/v2\/pages\/507"}],"wp:featuredmedia":[{"embeddable":true,"href":"https:\/\/bursainvest.gov.tr\/tr\/wp-json\/"}],"wp:attachment":[{"href":"https:\/\/bursainvest.gov.tr\/tr\/wp-json\/wp\/v2\/media?parent=704"}],"curies":[{"name":"wp","href":"https:\/\/api.w.org\/{rel}","templated":true}]}}