{"id":713,"date":"2026-03-25T16:10:24","date_gmt":"2026-03-25T13:10:24","guid":{"rendered":"https:\/\/bursainvest.gov.tr\/?page_id=713"},"modified":"2026-03-25T17:08:11","modified_gmt":"2026-03-25T14:08:11","slug":"bilgilendirme","status":"publish","type":"page","link":"https:\/\/bursainvest.gov.tr\/tr\/hakkimizda\/bilgilendirme\/","title":{"rendered":"Bursa\u2019da Yerel Kalk\u0131nma Hamlesi Te\u015fvik Program\u0131 2026 \u00c7a\u011fr\u0131 D\u00f6nemi Bilgilendirme Toplant\u0131s\u0131 D\u00fczenlendi"},"content":{"rendered":"<h2>Bursa\u2019da Yerel Kalk\u0131nma Hamlesi Te\u015fvik Program\u0131 2026 \u00c7a\u011fr\u0131 D\u00f6nemi Bilgilendirme Toplant\u0131s\u0131 D\u00fczenlendi<\/h2>\n<h5>BEBKA ev sahipli\u011finde ger\u00e7ekle\u015ftirilen toplant\u0131, Bursa i\u015f d\u00fcnyas\u0131n\u0131n yo\u011fun kat\u0131l\u0131m\u0131yla ger\u00e7ekle\u015fti. Sanayiciler, i\u015f insanlar\u0131 ve ilgili kurum temsilcilerinin yer ald\u0131\u011f\u0131 program\u0131n a\u00e7\u0131l\u0131\u015f konu\u015fmas\u0131n\u0131 BEBKA Genel Sekreter Vekili Sabri Bayram yapt\u0131.<\/h5>\n<h5>Toplant\u0131 kapsam\u0131nda BEBKA uzmanlar\u0131 taraf\u0131ndan 2026 y\u0131l\u0131 Yerel Kalk\u0131nma Hamlesi Te\u015fvik Program\u0131 \u00e7er\u00e7evesinde Bursa i\u00e7in belirlenen \u00f6ncelikli yat\u0131r\u0131m konular\u0131 ile ba\u015fvuru s\u00fcre\u00e7lerine ili\u015fkin kapsaml\u0131 bir bilgilendirme sunumu ger\u00e7ekle\u015ftirildi.<\/h5>\n<h5>Program, kat\u0131l\u0131mc\u0131lar\u0131n sorular\u0131n\u0131n yan\u0131tlanmas\u0131 ve g\u00f6r\u00fc\u015f al\u0131\u015fveri\u015fiyle sona erdi.<\/h5>\n<p>&nbsp;<\/p>\n\n\t\t\t<style type='text\/css'>\n\t\t\t\t#sc_gallery-1 {\n\t\t\t\t\tmargin: auto;\n\t\t\t\t}\n\t\t\t\t#sc_gallery-1 .gallery-item {\n\t\t\t\t\tfloat: left;\n\t\t\t\t\ttext-align: center;\n\t\t\t\t\twidth: 19.99%;\n\t\t\t\t}\n\t\t\t\t#sc_gallery-1 img {\n\t\t\t\t\tborder: 2px solid #cfcfcf;\n\t\t\t\t}\n\t\t\t\t\/* see sc_gallery() in functions\/theme-shortcodes.php *\/\n\t\t\t<\/style>\n\t\t<div id='sc_gallery-1' class='gallery galleryid-713 gallery-columns-5 gallery-size-thumbnail  element_classes gallery-default'><dl class='gallery-item'  data-title='645971492_18089600108148491_2988280930521916107_n' data-description=''><div class='gallery-item-wrapper'>\n\t\t\t\t<dt class='gallery-icon portrait'>\n\t\t\t\t\t<a href='https:\/\/bursainvest.gov.tr\/tr\/645971492_18089600108148491_2988280930521916107_n-2\/'><img loading=\"lazy\" decoding=\"async\" width=\"225\" height=\"300\" src=\"https:\/\/bursainvest.gov.tr\/wp-content\/uploads\/2026\/03\/645971492_18089600108148491_2988280930521916107_n-225x300.jpg\" class=\"attachment-thumbnail size-thumbnail\" alt=\"\" srcset=\"https:\/\/bursainvest.gov.tr\/wp-content\/uploads\/2026\/03\/645971492_18089600108148491_2988280930521916107_n-225x300.jpg 225w, https:\/\/bursainvest.gov.tr\/wp-content\/uploads\/2026\/03\/645971492_18089600108148491_2988280930521916107_n-375x500.jpg 375w, https:\/\/bursainvest.gov.tr\/wp-content\/uploads\/2026\/03\/645971492_18089600108148491_2988280930521916107_n-900x1200.jpg 900w, https:\/\/bursainvest.gov.tr\/wp-content\/uploads\/2026\/03\/645971492_18089600108148491_2988280930521916107_n-768x1024.jpg 768w, https:\/\/bursainvest.gov.tr\/wp-content\/uploads\/2026\/03\/645971492_18089600108148491_2988280930521916107_n-56x75.jpg 56w, https:\/\/bursainvest.gov.tr\/wp-content\/uploads\/2026\/03\/645971492_18089600108148491_2988280930521916107_n-480x640.jpg 480w, https:\/\/bursainvest.gov.tr\/wp-content\/uploads\/2026\/03\/645971492_18089600108148491_2988280930521916107_n.jpg 1080w\" sizes=\"auto, (max-width:767px) 225px, 225px\" \/><\/a>\n\t\t\t\t<\/dt><\/div><\/dl><dl class='gallery-item'  data-title='645943374_18089600120148491_3529438704253266816_n' data-description=''><div class='gallery-item-wrapper'>\n\t\t\t\t<dt class='gallery-icon portrait'>\n\t\t\t\t\t<a href='https:\/\/bursainvest.gov.tr\/tr\/645943374_18089600120148491_3529438704253266816_n-2\/'><img loading=\"lazy\" decoding=\"async\" width=\"225\" height=\"300\" src=\"https:\/\/bursainvest.gov.tr\/wp-content\/uploads\/2026\/03\/645943374_18089600120148491_3529438704253266816_n-225x300.jpg\" class=\"attachment-thumbnail size-thumbnail\" alt=\"\" srcset=\"https:\/\/bursainvest.gov.tr\/wp-content\/uploads\/2026\/03\/645943374_18089600120148491_3529438704253266816_n-225x300.jpg 225w, https:\/\/bursainvest.gov.tr\/wp-content\/uploads\/2026\/03\/645943374_18089600120148491_3529438704253266816_n-375x500.jpg 375w, https:\/\/bursainvest.gov.tr\/wp-content\/uploads\/2026\/03\/645943374_18089600120148491_3529438704253266816_n-900x1200.jpg 900w, https:\/\/bursainvest.gov.tr\/wp-content\/uploads\/2026\/03\/645943374_18089600120148491_3529438704253266816_n-768x1024.jpg 768w, https:\/\/bursainvest.gov.tr\/wp-content\/uploads\/2026\/03\/645943374_18089600120148491_3529438704253266816_n-56x75.jpg 56w, https:\/\/bursainvest.gov.tr\/wp-content\/uploads\/2026\/03\/645943374_18089600120148491_3529438704253266816_n-480x640.jpg 480w, https:\/\/bursainvest.gov.tr\/wp-content\/uploads\/2026\/03\/645943374_18089600120148491_3529438704253266816_n.jpg 1080w\" sizes=\"auto, (max-width:767px) 225px, 225px\" \/><\/a>\n\t\t\t\t<\/dt><\/div><\/dl><dl class='gallery-item'  data-title='646151640_18089600111148491_3276566518172607908_n' data-description=''><div class='gallery-item-wrapper'>\n\t\t\t\t<dt class='gallery-icon landscape'>\n\t\t\t\t\t<a href='https:\/\/bursainvest.gov.tr\/tr\/646151640_18089600111148491_3276566518172607908_n-2\/'><img loading=\"lazy\" decoding=\"async\" width=\"300\" height=\"225\" src=\"https:\/\/bursainvest.gov.tr\/wp-content\/uploads\/2026\/03\/646151640_18089600111148491_3276566518172607908_n-300x225.jpg\" class=\"attachment-thumbnail size-thumbnail\" alt=\"\" srcset=\"https:\/\/bursainvest.gov.tr\/wp-content\/uploads\/2026\/03\/646151640_18089600111148491_3276566518172607908_n-300x225.jpg 300w, https:\/\/bursainvest.gov.tr\/wp-content\/uploads\/2026\/03\/646151640_18089600111148491_3276566518172607908_n-500x375.jpg 500w, https:\/\/bursainvest.gov.tr\/wp-content\/uploads\/2026\/03\/646151640_18089600111148491_3276566518172607908_n-768x576.jpg 768w, https:\/\/bursainvest.gov.tr\/wp-content\/uploads\/2026\/03\/646151640_18089600111148491_3276566518172607908_n-100x75.jpg 100w, https:\/\/bursainvest.gov.tr\/wp-content\/uploads\/2026\/03\/646151640_18089600111148491_3276566518172607908_n-480x360.jpg 480w, https:\/\/bursainvest.gov.tr\/wp-content\/uploads\/2026\/03\/646151640_18089600111148491_3276566518172607908_n.jpg 1080w\" sizes=\"auto, (max-width:767px) 300px, 300px\" \/><\/a>\n\t\t\t\t<\/dt><\/div><\/dl><dl class='gallery-item'  data-title='646022038_18089599985148491_5208989717961083059_n' data-description=''><div class='gallery-item-wrapper'>\n\t\t\t\t<dt class='gallery-icon landscape'>\n\t\t\t\t\t<a href='https:\/\/bursainvest.gov.tr\/tr\/646022038_18089599985148491_5208989717961083059_n-2\/'><img loading=\"lazy\" decoding=\"async\" width=\"300\" height=\"225\" src=\"https:\/\/bursainvest.gov.tr\/wp-content\/uploads\/2026\/03\/646022038_18089599985148491_5208989717961083059_n-300x225.jpg\" class=\"attachment-thumbnail size-thumbnail\" alt=\"\" srcset=\"https:\/\/bursainvest.gov.tr\/wp-content\/uploads\/2026\/03\/646022038_18089599985148491_5208989717961083059_n-300x225.jpg 300w, https:\/\/bursainvest.gov.tr\/wp-content\/uploads\/2026\/03\/646022038_18089599985148491_5208989717961083059_n-500x375.jpg 500w, https:\/\/bursainvest.gov.tr\/wp-content\/uploads\/2026\/03\/646022038_18089599985148491_5208989717961083059_n-768x576.jpg 768w, https:\/\/bursainvest.gov.tr\/wp-content\/uploads\/2026\/03\/646022038_18089599985148491_5208989717961083059_n-100x75.jpg 100w, https:\/\/bursainvest.gov.tr\/wp-content\/uploads\/2026\/03\/646022038_18089599985148491_5208989717961083059_n-480x360.jpg 480w, https:\/\/bursainvest.gov.tr\/wp-content\/uploads\/2026\/03\/646022038_18089599985148491_5208989717961083059_n.jpg 1080w\" sizes=\"auto, (max-width:767px) 300px, 300px\" \/><\/a>\n\t\t\t\t<\/dt><\/div><\/dl><dl class='gallery-item'  data-title='645845565_18089600027148491_8151918802484562997_n' data-description=''><div class='gallery-item-wrapper'>\n\t\t\t\t<dt class='gallery-icon landscape'>\n\t\t\t\t\t<a href='https:\/\/bursainvest.gov.tr\/tr\/645845565_18089600027148491_8151918802484562997_n-2\/'><img loading=\"lazy\" decoding=\"async\" width=\"300\" height=\"225\" src=\"https:\/\/bursainvest.gov.tr\/wp-content\/uploads\/2026\/03\/645845565_18089600027148491_8151918802484562997_n-300x225.jpg\" class=\"attachment-thumbnail size-thumbnail\" alt=\"\" srcset=\"https:\/\/bursainvest.gov.tr\/wp-content\/uploads\/2026\/03\/645845565_18089600027148491_8151918802484562997_n-300x225.jpg 300w, https:\/\/bursainvest.gov.tr\/wp-content\/uploads\/2026\/03\/645845565_18089600027148491_8151918802484562997_n-500x375.jpg 500w, https:\/\/bursainvest.gov.tr\/wp-content\/uploads\/2026\/03\/645845565_18089600027148491_8151918802484562997_n-768x576.jpg 768w, https:\/\/bursainvest.gov.tr\/wp-content\/uploads\/2026\/03\/645845565_18089600027148491_8151918802484562997_n-100x75.jpg 100w, https:\/\/bursainvest.gov.tr\/wp-content\/uploads\/2026\/03\/645845565_18089600027148491_8151918802484562997_n-480x360.jpg 480w, https:\/\/bursainvest.gov.tr\/wp-content\/uploads\/2026\/03\/645845565_18089600027148491_8151918802484562997_n.jpg 1080w\" sizes=\"auto, (max-width:767px) 300px, 300px\" \/><\/a>\n\t\t\t\t<\/dt><\/div><\/dl><br style=\"clear: both\" \/>\n\t\t\t<\/div>\n\n","protected":false},"excerpt":{"rendered":"<p>Bursa\u2019da Yerel Kalk\u0131nma Hamlesi Te\u015fvik Program\u0131 2026 \u00c7a\u011fr\u0131 D\u00f6nemi Bilgilendirme Toplant\u0131s\u0131 D\u00fczenlendi BEBKA ev sahipli\u011finde ger\u00e7ekle\u015ftirilen toplant\u0131, Bursa i\u015f d\u00fcnyas\u0131n\u0131n yo\u011fun kat\u0131l\u0131m\u0131yla ger\u00e7ekle\u015fti. Sanayiciler, i\u015f insanlar\u0131<span class=\"excerpt-hellip\"> [\u2026]<\/span><\/p>\n","protected":false},"author":2,"featured_media":-1,"parent":509,"menu_order":0,"comment_status":"closed","ping_status":"closed","template":"","meta":{"footnotes":""},"class_list":["post-713","page","type-page","status-publish","has-post-thumbnail","hentry"],"_links":{"self":[{"href":"https:\/\/bursainvest.gov.tr\/tr\/wp-json\/wp\/v2\/pages\/713","targetHints":{"allow":["GET"]}}],"collection":[{"href":"https:\/\/bursainvest.gov.tr\/tr\/wp-json\/wp\/v2\/pages"}],"about":[{"href":"https:\/\/bursainvest.gov.tr\/tr\/wp-json\/wp\/v2\/types\/page"}],"author":[{"embeddable":true,"href":"https:\/\/bursainvest.gov.tr\/tr\/wp-json\/wp\/v2\/users\/2"}],"replies":[{"embeddable":true,"href":"https:\/\/bursainvest.gov.tr\/tr\/wp-json\/wp\/v2\/comments?post=713"}],"version-history":[{"count":6,"href":"https:\/\/bursainvest.gov.tr\/tr\/wp-json\/wp\/v2\/pages\/713\/revisions"}],"predecessor-version":[{"id":729,"href":"https:\/\/bursainvest.gov.tr\/tr\/wp-json\/wp\/v2\/pages\/713\/revisions\/729"}],"up":[{"embeddable":true,"href":"https:\/\/bursainvest.gov.tr\/tr\/wp-json\/wp\/v2\/pages\/509"}],"wp:featuredmedia":[{"embeddable":true,"href":"https:\/\/bursainvest.gov.tr\/tr\/wp-json\/"}],"wp:attachment":[{"href":"https:\/\/bursainvest.gov.tr\/tr\/wp-json\/wp\/v2\/media?parent=713"}],"curies":[{"name":"wp","href":"https:\/\/api.w.org\/{rel}","templated":true}]}}