{"id":730,"date":"2026-03-25T17:29:32","date_gmt":"2026-03-25T14:29:32","guid":{"rendered":"https:\/\/bursainvest.gov.tr\/?page_id=730"},"modified":"2026-03-27T14:39:22","modified_gmt":"2026-03-27T11:39:22","slug":"basdec-uyesi-firmalara-yonelik-yerel-kalkinma-hamlesi-tesvik-programi-bilgilendirme-toplantisi-gerceklestirildi","status":"publish","type":"page","link":"https:\/\/bursainvest.gov.tr\/tr\/hakkimizda\/basdec-uyesi-firmalara-yonelik-yerel-kalkinma-hamlesi-tesvik-programi-bilgilendirme-toplantisi-gerceklestirildi\/","title":{"rendered":"BASDEC \u00dcyesi Firmalara Y\u00f6nelik Yerel Kalk\u0131nma Hamlesi Te\u015fvik Program\u0131 Bilgilendirme Toplant\u0131s\u0131 Ger\u00e7ekle\u015ftirildi"},"content":{"rendered":"<h3><strong>BASDEC \u00dcyesi Firmalara Y\u00f6nelik Yerel Kalk\u0131nma Hamlesi Te\u015fvik Program\u0131 Bilgilendirme Toplant\u0131s\u0131 Ger\u00e7ekle\u015ftirildi<\/strong><\/h3>\n<h5>Bursa Eski\u015fehir Bilecik Kalk\u0131nma Ajans\u0131 (BEBKA) koordinasyonunda, BASDEC (Bursa Uzay, Havac\u0131l\u0131k ve Savunma K\u00fcmelenmesi) \u00fcyesi firmalara y\u00f6nelik olarak Yerel Kalk\u0131nma Hamlesi Te\u015fvik Program\u0131 2026 \u00c7a\u011fr\u0131 D\u00f6nemi bilgilendirme toplant\u0131s\u0131, Bursa Ticaret ve Sanayi Odas\u0131 ev sahipli\u011finde ger\u00e7ekle\u015ftirildi.<\/h5>\n<h5>Toplant\u0131da, 2026 y\u0131l\u0131 kapsam\u0131nda belirlenen \u00f6ncelikli yat\u0131r\u0131m konular\u0131 ile ba\u015fvuru s\u00fcre\u00e7lerine ili\u015fkin kapsaml\u0131 bilgiler payla\u015f\u0131ld\u0131. Savunma ve havac\u0131l\u0131k sekt\u00f6r\u00fcnde faaliyet g\u00f6steren firmalar\u0131n yo\u011fun kat\u0131l\u0131m sa\u011flad\u0131\u011f\u0131 programda, b\u00f6lge sanayisinin rekabet g\u00fcc\u00fcn\u00fc art\u0131rmaya y\u00f6nelik te\u015fvik mekanizmalar\u0131 ele al\u0131nd\u0131.<\/h5>\n<h5>BEBKA uzmanlar\u0131 taraf\u0131ndan ger\u00e7ekle\u015ftirilen sunumda, program\u0131n kapsam\u0131, destek unsurlar\u0131 ve ba\u015fvuru s\u00fcrecine ili\u015fkin detaylar aktar\u0131l\u0131rken; kat\u0131l\u0131mc\u0131 firmalar\u0131n sorular\u0131 yan\u0131tland\u0131 ve program\u0131n sundu\u011fu f\u0131rsatlar kar\u015f\u0131l\u0131kl\u0131 de\u011ferlendirmelerle ele al\u0131nd\u0131.<\/h5>\n<h5>Yerel Kalk\u0131nma Hamlesi Te\u015fvik Program\u0131 ile b\u00f6lgelerin \u00fcretim kapasitesinin art\u0131r\u0131lmas\u0131, y\u00fcksek katma de\u011ferli ve stratejik yat\u0131r\u0131mlar\u0131n desteklenmesi hedeflenmektedir. Bu kapsamda belirlenen yat\u0131r\u0131m konular\u0131 do\u011frultusunda, b\u00f6lge illerinde rekabet g\u00fcc\u00fcn\u00fcn art\u0131r\u0131lmas\u0131 ve s\u00fcrd\u00fcr\u00fclebilir kalk\u0131nman\u0131n desteklenmesi ama\u00e7lanmaktad\u0131r.<\/h5>\n<h5>Programa ba\u015fvurular 15 May\u0131s 2026 tarihine kadar devam edecek olup, ayr\u0131nt\u0131l\u0131 bilgiye <strong>yerelkalkinmahamlesi.sanayi.gov.tr<\/strong> adresinden ula\u015f\u0131labilmektedir.<\/h5>\n<h5>BEBKA, b\u00f6lgesinde yat\u0131r\u0131m ortam\u0131n\u0131n geli\u015ftirilmesi ve stratejik sekt\u00f6rlerde d\u00f6n\u00fc\u015f\u00fcm\u00fcn desteklenmesi amac\u0131yla bilgilendirme ve rehberlik faaliyetlerine devam etmektedir.<\/h5>\n\n\t\t\t<style type='text\/css'>\n\t\t\t\t#sc_gallery-1 {\n\t\t\t\t\tmargin: auto;\n\t\t\t\t}\n\t\t\t\t#sc_gallery-1 .gallery-item {\n\t\t\t\t\tfloat: left;\n\t\t\t\t\ttext-align: center;\n\t\t\t\t\twidth: 24.99%;\n\t\t\t\t}\n\t\t\t\t#sc_gallery-1 img {\n\t\t\t\t\tborder: 2px solid #cfcfcf;\n\t\t\t\t}\n\t\t\t\t\/* see sc_gallery() in functions\/theme-shortcodes.php *\/\n\t\t\t<\/style>\n\t\t<div id='sc_gallery-1' class='gallery galleryid-730 gallery-columns-4 gallery-size-thumbnail file element_classes gallery-default'><dl class='gallery-item'  data-title='1 (5)' data-description=''><div class='gallery-item-wrapper'>\n\t\t\t\t<dt class='gallery-icon landscape'>\n\t\t\t\t\t<a href='https:\/\/bursainvest.gov.tr\/wp-content\/uploads\/2026\/03\/1-5-1-scaled.jpg'><img loading=\"lazy\" decoding=\"async\" width=\"300\" height=\"200\" src=\"https:\/\/bursainvest.gov.tr\/wp-content\/uploads\/2026\/03\/1-5-1-300x200.jpg\" class=\"attachment-thumbnail size-thumbnail\" alt=\"\" srcset=\"https:\/\/bursainvest.gov.tr\/wp-content\/uploads\/2026\/03\/1-5-1-300x200.jpg 300w, https:\/\/bursainvest.gov.tr\/wp-content\/uploads\/2026\/03\/1-5-1-500x333.jpg 500w, https:\/\/bursainvest.gov.tr\/wp-content\/uploads\/2026\/03\/1-5-1-1200x800.jpg 1200w, https:\/\/bursainvest.gov.tr\/wp-content\/uploads\/2026\/03\/1-5-1-768x512.jpg 768w, https:\/\/bursainvest.gov.tr\/wp-content\/uploads\/2026\/03\/1-5-1-1536x1024.jpg 1536w, https:\/\/bursainvest.gov.tr\/wp-content\/uploads\/2026\/03\/1-5-1-2048x1365.jpg 2048w, https:\/\/bursainvest.gov.tr\/wp-content\/uploads\/2026\/03\/1-5-1-113x75.jpg 113w, https:\/\/bursainvest.gov.tr\/wp-content\/uploads\/2026\/03\/1-5-1-480x320.jpg 480w\" sizes=\"auto, (max-width:767px) 300px, 300px\" \/><\/a>\n\t\t\t\t<\/dt><\/div><\/dl><dl class='gallery-item'  data-title='1' data-description=''><div class='gallery-item-wrapper'>\n\t\t\t\t<dt class='gallery-icon landscape'>\n\t\t\t\t\t<a href='https:\/\/bursainvest.gov.tr\/wp-content\/uploads\/2026\/03\/1-scaled.jpg'><img loading=\"lazy\" decoding=\"async\" width=\"300\" height=\"199\" src=\"https:\/\/bursainvest.gov.tr\/wp-content\/uploads\/2026\/03\/1-300x199.jpg\" class=\"attachment-thumbnail size-thumbnail\" alt=\"\" srcset=\"https:\/\/bursainvest.gov.tr\/wp-content\/uploads\/2026\/03\/1-300x199.jpg 300w, https:\/\/bursainvest.gov.tr\/wp-content\/uploads\/2026\/03\/1-500x331.jpg 500w, https:\/\/bursainvest.gov.tr\/wp-content\/uploads\/2026\/03\/1-1200x794.jpg 1200w, https:\/\/bursainvest.gov.tr\/wp-content\/uploads\/2026\/03\/1-768x508.jpg 768w, https:\/\/bursainvest.gov.tr\/wp-content\/uploads\/2026\/03\/1-1536x1017.jpg 1536w, https:\/\/bursainvest.gov.tr\/wp-content\/uploads\/2026\/03\/1-2048x1355.jpg 2048w, https:\/\/bursainvest.gov.tr\/wp-content\/uploads\/2026\/03\/1-113x75.jpg 113w, https:\/\/bursainvest.gov.tr\/wp-content\/uploads\/2026\/03\/1-480x318.jpg 480w\" sizes=\"auto, (max-width:767px) 300px, 300px\" \/><\/a>\n\t\t\t\t<\/dt><\/div><\/dl><dl class='gallery-item'  data-title='1 (2)' data-description=''><div class='gallery-item-wrapper'>\n\t\t\t\t<dt class='gallery-icon landscape'>\n\t\t\t\t\t<a href='https:\/\/bursainvest.gov.tr\/wp-content\/uploads\/2026\/03\/1-2-scaled.jpg'><img loading=\"lazy\" decoding=\"async\" width=\"300\" height=\"188\" src=\"https:\/\/bursainvest.gov.tr\/wp-content\/uploads\/2026\/03\/1-2-300x188.jpg\" class=\"attachment-thumbnail size-thumbnail\" alt=\"\" srcset=\"https:\/\/bursainvest.gov.tr\/wp-content\/uploads\/2026\/03\/1-2-300x188.jpg 300w, https:\/\/bursainvest.gov.tr\/wp-content\/uploads\/2026\/03\/1-2-500x313.jpg 500w, https:\/\/bursainvest.gov.tr\/wp-content\/uploads\/2026\/03\/1-2-1200x752.jpg 1200w, https:\/\/bursainvest.gov.tr\/wp-content\/uploads\/2026\/03\/1-2-768x481.jpg 768w, https:\/\/bursainvest.gov.tr\/wp-content\/uploads\/2026\/03\/1-2-1536x962.jpg 1536w, https:\/\/bursainvest.gov.tr\/wp-content\/uploads\/2026\/03\/1-2-2048x1283.jpg 2048w, https:\/\/bursainvest.gov.tr\/wp-content\/uploads\/2026\/03\/1-2-120x75.jpg 120w, https:\/\/bursainvest.gov.tr\/wp-content\/uploads\/2026\/03\/1-2-480x301.jpg 480w\" sizes=\"auto, (max-width:767px) 300px, 300px\" \/><\/a>\n\t\t\t\t<\/dt><\/div><\/dl><dl class='gallery-item'  data-title='DSC_9595' data-description=''><div class='gallery-item-wrapper'>\n\t\t\t\t<dt class='gallery-icon landscape'>\n\t\t\t\t\t<a href='https:\/\/bursainvest.gov.tr\/wp-content\/uploads\/2026\/03\/DSC_9595-scaled.jpg'><img loading=\"lazy\" decoding=\"async\" width=\"300\" height=\"200\" src=\"https:\/\/bursainvest.gov.tr\/wp-content\/uploads\/2026\/03\/DSC_9595-300x200.jpg\" class=\"attachment-thumbnail size-thumbnail\" alt=\"\" srcset=\"https:\/\/bursainvest.gov.tr\/wp-content\/uploads\/2026\/03\/DSC_9595-300x200.jpg 300w, https:\/\/bursainvest.gov.tr\/wp-content\/uploads\/2026\/03\/DSC_9595-500x333.jpg 500w, https:\/\/bursainvest.gov.tr\/wp-content\/uploads\/2026\/03\/DSC_9595-1200x800.jpg 1200w, https:\/\/bursainvest.gov.tr\/wp-content\/uploads\/2026\/03\/DSC_9595-768x512.jpg 768w, https:\/\/bursainvest.gov.tr\/wp-content\/uploads\/2026\/03\/DSC_9595-1536x1024.jpg 1536w, https:\/\/bursainvest.gov.tr\/wp-content\/uploads\/2026\/03\/DSC_9595-2048x1365.jpg 2048w, https:\/\/bursainvest.gov.tr\/wp-content\/uploads\/2026\/03\/DSC_9595-113x75.jpg 113w, https:\/\/bursainvest.gov.tr\/wp-content\/uploads\/2026\/03\/DSC_9595-480x320.jpg 480w\" sizes=\"auto, (max-width:767px) 300px, 300px\" \/><\/a>\n\t\t\t\t<\/dt><\/div><\/dl><br style=\"clear: both\" \/>\n\t\t\t<\/div>\n\n<p>&nbsp;<\/p>\n","protected":false},"excerpt":{"rendered":"<p>BASDEC \u00dcyesi Firmalara Y\u00f6nelik Yerel Kalk\u0131nma Hamlesi Te\u015fvik Program\u0131 Bilgilendirme Toplant\u0131s\u0131 Ger\u00e7ekle\u015ftirildi Bursa Eski\u015fehir Bilecik Kalk\u0131nma Ajans\u0131 (BEBKA) koordinasyonunda, BASDEC (Bursa Uzay, Havac\u0131l\u0131k ve Savunma K\u00fcmelenmesi)<span class=\"excerpt-hellip\"> [\u2026]<\/span><\/p>\n","protected":false},"author":2,"featured_media":-1,"parent":509,"menu_order":0,"comment_status":"closed","ping_status":"closed","template":"","meta":{"footnotes":""},"class_list":["post-730","page","type-page","status-publish","has-post-thumbnail","hentry"],"_links":{"self":[{"href":"https:\/\/bursainvest.gov.tr\/tr\/wp-json\/wp\/v2\/pages\/730","targetHints":{"allow":["GET"]}}],"collection":[{"href":"https:\/\/bursainvest.gov.tr\/tr\/wp-json\/wp\/v2\/pages"}],"about":[{"href":"https:\/\/bursainvest.gov.tr\/tr\/wp-json\/wp\/v2\/types\/page"}],"author":[{"embeddable":true,"href":"https:\/\/bursainvest.gov.tr\/tr\/wp-json\/wp\/v2\/users\/2"}],"replies":[{"embeddable":true,"href":"https:\/\/bursainvest.gov.tr\/tr\/wp-json\/wp\/v2\/comments?post=730"}],"version-history":[{"count":9,"href":"https:\/\/bursainvest.gov.tr\/tr\/wp-json\/wp\/v2\/pages\/730\/revisions"}],"predecessor-version":[{"id":749,"href":"https:\/\/bursainvest.gov.tr\/tr\/wp-json\/wp\/v2\/pages\/730\/revisions\/749"}],"up":[{"embeddable":true,"href":"https:\/\/bursainvest.gov.tr\/tr\/wp-json\/wp\/v2\/pages\/509"}],"wp:featuredmedia":[{"embeddable":true,"href":"https:\/\/bursainvest.gov.tr\/tr\/wp-json\/"}],"wp:attachment":[{"href":"https:\/\/bursainvest.gov.tr\/tr\/wp-json\/wp\/v2\/media?parent=730"}],"curies":[{"name":"wp","href":"https:\/\/api.w.org\/{rel}","templated":true}]}}